{"id":831,"date":"2022-08-18T19:26:52","date_gmt":"2022-08-18T16:26:52","guid":{"rendered":"https:\/\/gidakimyasikongresi.org\/general-information\/"},"modified":"2025-10-02T08:28:07","modified_gmt":"2025-10-02T05:28:07","slug":"general-information","status":"publish","type":"page","link":"https:\/\/gidakimyasikongresi.org\/en\/general-information\/","title":{"rendered":"General Information"},"content":{"rendered":"\n<p><strong>Congress Date<\/strong><\/p>\n\n<p>April 9, 2026<\/p>\n\n<p><strong>Congress Address<\/strong><\/p>\n\n<p>Juju Premier Palace Hotel, Kemer, ANTALYA<\/p>\n\n<p><strong>Congress Language<\/strong><\/p>\n\n<p>Congress languages \u200b\u200bare Turkish and English.<\/p>\n\n<p><strong>Congress Participation Acceptance Letter<\/strong><\/p>\n\n<p>Papers submitted to the congress will be accepted by the Scientific Committee after peer review. An online &#8216;Letter of Acceptance&#8217; will be sent to the paper holders for the papers that are accepted to be presented orally or as a poster after peer evaluation. It is also possible to attend our congress only as a listener.<\/p>\n\n<p><strong>Registration and Consultation<\/strong><\/p>\n\n<p>The Registration and Information Desk will be open at Juju Premier Palace Hotel as of Thursday, April 9, 2026.<\/p>\n\n<p><strong>Certificate of Participation<\/strong><\/p>\n\n<p>A Certificate of Participation will be given to all participants who registered for the congress with oral\/poster presentations and those who attend only as listeners, at the registration desk, as of April 9, 2026.<\/p>\n\n<p><strong>Badge<\/strong><\/p>\n\n<p>Name Badge will be given at the time of registration. Name badges must be present in all scientific and social activities during the congress.<\/p>\n\n<p><strong>Stand Areas<\/strong><\/p>\n\n<p>The stands will be set up next to the conference halls, and coffee will be served in the stand areas. Congress registration is required to enter the booth areas.<\/p>\n\n<p><strong>Poster Awards<\/strong><\/p>\n\n<p>Poster abstracts and Poster Presentations will be evaluated by Poster Evaluation Juries (5 people who are experts in different fields) to be formed by the Scientific Committee. The first three of the ten successful posters will be awarded the 1st, 2nd, 3rd place, and the others will be awarded the &#8220;best ten posters&#8221; certificate. Awards will be given at the closing ceremony.<\/p>\n\n<p><strong>Companions<\/strong><\/p>\n\n<p>There is no registration fee for Companions staying at the hotel.<\/p>\n\n<p><strong>Daily Guests of the Participants<\/strong><\/p>\n\n<p>The entrances to the Congress Hotel are controlled by the hotel security personnel. Participants with daily guests are required to pick up their guests from the outer security gate. The hotel does not charge for visits not exceeding 30 minutes. However, for visits exceeding 30 minutes and for \u201c<strong>external participants<\/strong>\u201d who do not stay at the congress hotel, the hotel will charge a daily fee of <strong>80 EURO<\/strong>.<\/p>\n\n<p><strong>Transport<\/strong><\/p>\n\n<p>Free transportation service will be provided between the Congress Hotel &#8211; Antalya Airport &#8211; Bus Terminal at the specified times.<\/p>\n\n<p><strong>Cancellation Conditions<\/strong><\/p>\n\n<p>Hakem de\u011ferlendirmesinden ge\u00e7erek kongrede sunulmas\u0131 uygun g\u00f6r\u00fclen s\u00f6zl\u00fc bildiri ve posterler i\u00e7in m\u00fccbir sebepler (do\u011fal felaketler, trafik kazalar\u0131, belgelendirmek \u015fart\u0131yla hastal\u0131k, pandemi s\u00fcrecinden kaynaklanan \u00f6zel durumlar vb) durumunda bildiri sahiplerinin kongre genel sekreterli\u011fine \u0131slak imzal\u0131 ba\u015fvuru yapmalar\u0131 \u015fart\u0131yla 01 Nisan 2026 tarihine kadar kat\u0131l\u0131m\u0131n iptal edilmesi m\u00fcmk\u00fcnd\u00fcr. In case of cancellation applications to be made after this date or if people do not attend the congress, no refund will be made and no certificate of participation will be given. Cancellations will be valid if notified in writing to the Congress Secretariat.<\/p>\n\n<p><strong>Free Hotel Services<\/strong><\/p>\n\n<p>You can access the hotel&#8217;s paid and free services from the link below.<\/p>\n\n<p><a href=\"http:\/\/www.jujupremierpalace.com\/\">http:\/\/www.jujupremierpalace.com\/<\/a><\/p>\n","protected":false},"excerpt":{"rendered":"<p>Congress Date April 9, 2026 Congress Address Juju Premier Palace Hotel, Kemer, ANTALYA Congress Language Congress languages \u200b\u200bare Turkish and English. Congress Participation Acceptance Letter Papers submitted to the congress will be accepted by the Scientific Committee after peer review. An online &#8216;Letter of Acceptance&#8217; will be sent to the paper holders for the papers [&hellip;]<\/p>\n","protected":false},"author":1,"featured_media":0,"parent":0,"menu_order":0,"comment_status":"closed","ping_status":"closed","template":"","meta":{"_uag_custom_page_level_css":"","site-sidebar-layout":"default","site-content-layout":"","ast-site-content-layout":"default","site-content-style":"default","site-sidebar-style":"default","ast-global-header-display":"","ast-banner-title-visibility":"","ast-main-header-display":"","ast-hfb-above-header-display":"","ast-hfb-below-header-display":"","ast-hfb-mobile-header-display":"","site-post-title":"","ast-breadcrumbs-content":"","ast-featured-img":"","footer-sml-layout":"","ast-disable-related-posts":"","theme-transparent-header-meta":"","adv-header-id-meta":"","stick-header-meta":"","header-above-stick-meta":"","header-main-stick-meta":"","header-below-stick-meta":"","astra-migrate-meta-layouts":"default","ast-page-background-enabled":"default","ast-page-background-meta":{"desktop":{"background-color":"var(--ast-global-color-4)","background-image":"","background-repeat":"repeat","background-position":"center center","background-size":"auto","background-attachment":"scroll","background-type":"","background-media":"","overlay-type":"","overlay-color":"","overlay-opacity":"","overlay-gradient":""},"tablet":{"background-color":"","background-image":"","background-repeat":"repeat","background-position":"center center","background-size":"auto","background-attachment":"scroll","background-type":"","background-media":"","overlay-type":"","overlay-color":"","overlay-opacity":"","overlay-gradient":""},"mobile":{"background-color":"","background-image":"","background-repeat":"repeat","background-position":"center center","background-size":"auto","background-attachment":"scroll","background-type":"","background-media":"","overlay-type":"","overlay-color":"","overlay-opacity":"","overlay-gradient":""}},"ast-content-background-meta":{"desktop":{"background-color":"var(--ast-global-color-5)","background-image":"","background-repeat":"repeat","background-position":"center center","background-size":"auto","background-attachment":"scroll","background-type":"","background-media":"","overlay-type":"","overlay-color":"","overlay-opacity":"","overlay-gradient":""},"tablet":{"background-color":"var(--ast-global-color-5)","background-image":"","background-repeat":"repeat","background-position":"center center","background-size":"auto","background-attachment":"scroll","background-type":"","background-media":"","overlay-type":"","overlay-color":"","overlay-opacity":"","overlay-gradient":""},"mobile":{"background-color":"var(--ast-global-color-5)","background-image":"","background-repeat":"repeat","background-position":"center center","background-size":"auto","background-attachment":"scroll","background-type":"","background-media":"","overlay-type":"","overlay-color":"","overlay-opacity":"","overlay-gradient":""}},"_themeisle_gutenberg_block_has_review":false,"footnotes":""},"class_list":["post-831","page","type-page","status-publish","hentry"],"uagb_featured_image_src":{"full":false,"thumbnail":false,"medium":false,"medium_large":false,"large":false,"1536x1536":false,"2048x2048":false},"uagb_author_info":{"display_name":"G\u0131da Kongresi","author_link":"https:\/\/gidakimyasikongresi.org\/en\/author\/gidakong\/"},"uagb_comment_info":0,"uagb_excerpt":"Congress Date April 9, 2026 Congress Address Juju Premier Palace Hotel, Kemer, ANTALYA Congress Language Congress languages \u200b\u200bare Turkish and English. Congress Participation Acceptance Letter Papers submitted to the congress will be accepted by the Scientific Committee after peer review. An online &#8216;Letter of Acceptance&#8217; will be sent to the paper holders for the papers&hellip;","_links":{"self":[{"href":"https:\/\/gidakimyasikongresi.org\/en\/wp-json\/wp\/v2\/pages\/831","targetHints":{"allow":["GET"]}}],"collection":[{"href":"https:\/\/gidakimyasikongresi.org\/en\/wp-json\/wp\/v2\/pages"}],"about":[{"href":"https:\/\/gidakimyasikongresi.org\/en\/wp-json\/wp\/v2\/types\/page"}],"author":[{"embeddable":true,"href":"https:\/\/gidakimyasikongresi.org\/en\/wp-json\/wp\/v2\/users\/1"}],"replies":[{"embeddable":true,"href":"https:\/\/gidakimyasikongresi.org\/en\/wp-json\/wp\/v2\/comments?post=831"}],"version-history":[{"count":4,"href":"https:\/\/gidakimyasikongresi.org\/en\/wp-json\/wp\/v2\/pages\/831\/revisions"}],"predecessor-version":[{"id":4575,"href":"https:\/\/gidakimyasikongresi.org\/en\/wp-json\/wp\/v2\/pages\/831\/revisions\/4575"}],"wp:attachment":[{"href":"https:\/\/gidakimyasikongresi.org\/en\/wp-json\/wp\/v2\/media?parent=831"}],"curies":[{"name":"wp","href":"https:\/\/api.w.org\/{rel}","templated":true}]}}