{"id":868,"date":"2022-08-19T14:11:18","date_gmt":"2022-08-19T11:11:18","guid":{"rendered":"https:\/\/gidakimyasikongresi.org\/committees\/"},"modified":"2026-03-12T16:57:06","modified_gmt":"2026-03-12T13:57:06","slug":"committees","status":"publish","type":"page","link":"https:\/\/gidakimyasikongresi.org\/en\/committees\/","title":{"rendered":"Committees"},"content":{"rendered":"\n<div class=\"wp-block-uagb-container chair uagb-block-61da39eb alignfull uagb-is-root-container\"><div class=\"uagb-container-inner-blocks-wrap\">\n<p class=\"has-text-align-center chair\"><strong>Chair<\/strong><br\/>Prof. Dr. Muhammet <strong>ARICI<\/strong><\/p>\n<\/div><\/div>\n\n<div class=\"wp-block-uagb-container uagb-block-7f0be150 alignfull uagb-is-root-container\"><div class=\"uagb-container-inner-blocks-wrap\">\n<section class=\"wp-block-uagb-container uagb-block-53d24c9a\">\n<p class=\"has-text-align-center chair\"><strong>Vice Chair<\/strong><br\/>Prof. Dr. Enes <strong>DERTL\u0130<\/strong><\/p>\n<\/section>\n\n\n\n<section class=\"wp-block-uagb-container uagb-block-92f6c7b6\">\n<p class=\"has-text-align-center chair\"><strong>Vice Chair<\/strong><br\/>Lecturer Salih <strong>TUNCAY<\/strong> <\/p>\n<\/section>\n\n\n\n<section class=\"wp-block-uagb-container uagb-block-47741f44\">\n<p class=\"has-text-align-center chair\"><strong>Vice Chair<\/strong><br\/>Prof. Dr. Mehmet Emin <strong>DURU<\/strong><\/p>\n<\/section>\n<\/div><\/div>\n\n<div class=\"wp-block-uagb-container chair uagb-block-8cd48da0 alignfull uagb-is-root-container\"><div class=\"uagb-container-inner-blocks-wrap\">\n<p class=\"has-text-align-center chair\"><strong><strong>Congress Coordinator<\/strong><br\/><\/strong>\u0130kram <strong>CENG\u0130Z<\/strong><\/p>\n<\/div><\/div>\n\n<div class=\"wp-block-uagb-container uagb-block-5c732088 alignfull uagb-is-root-container\"><div class=\"uagb-container-inner-blocks-wrap\">\n<section class=\"wp-block-uagb-container uagb-block-04f6c9c5\">\n<p class=\"has-text-align-left chair\"><strong>Scientific Committee<br\/><\/strong>Assoc. Prof. G\u00fclsen <strong>TEL \u00c7AYAN<\/strong>, Scientific Coordinator <br\/>Assoc. Dr. Aykut <strong>KUL<\/strong>, Vice Scientific Coordinator <br\/>Pharmacist Fatma <strong>KARD\u0130YEN<\/strong>, Vice Scientific Coordinator<br\/>Dr. Fatih <strong>\u00c7AYAN<\/strong>, Vice Scientific Coordinator<\/p>\n<\/section>\n\n\n\n<section class=\"wp-block-uagb-container uagb-block-3ce9df46\">\n<p class=\"has-text-align-left chair\"><strong>Congress Secretaries<br\/><\/strong>Lecturer Fatih <strong>BOZKURT<\/strong>, Congress Secretary <br\/>Dr. Selen <strong>AKBULUT<\/strong>, Congress Secretary<br\/>Research Assistant  Sevda <strong>DERE<\/strong>, Vice Congress Secretary<br\/>Uzman Diyetisyen Zehra <strong>ZELKA<\/strong>, Vice Congress Secretary<\/p>\n<\/section>\n<\/div><\/div>\n\n<div class=\"wp-block-uagb-container uagb-block-e9c5093b alignfull uagb-is-root-container\"><div class=\"uagb-container-inner-blocks-wrap\">\n<section class=\"wp-block-uagb-container uagb-block-4862d360\">\n<p class=\"has-text-align-left chair\"><strong>Sponsorship<\/strong><br\/>\u00d6zg\u00fcr <strong>KARAH\u00dcSEY\u0130N<\/strong>, Sponsor Koordinat\u00f6r\u00fc<br\/>Y\u00fccel <strong>YILDIRIM<\/strong>, Sponsor Koordinat\u00f6r Yard\u0131mc\u0131s\u0131<\/p>\n<\/section>\n\n\n\n<section class=\"wp-block-uagb-container uagb-block-f70fc399\">\n<p class=\"has-text-align-left chair\"><strong>Social Committee<\/strong><br\/>Erhan <strong>ATICI<\/strong>, Hersa Kimya A.\u015e.<br\/>\u015eaban <strong>\u00d6ZDEM\u0130R<\/strong>, \u00dcsk\u00fcdar University, Journalist-Media PR Manager<br\/>Diet. Derya <strong>DEREG\u00d6Z\u00dc<\/strong>, Central Hospital (Etiler)<br\/>Tayfun <strong>OLTULU<\/strong>, NEPHA Responsible Manager<\/p>\n<\/section>\n<\/div><\/div>\n\n<div class=\"wp-block-uagb-container uagb-block-88b69885 alignfull uagb-is-root-container\"><div class=\"uagb-container-inner-blocks-wrap\">\n<section class=\"wp-block-uagb-container uagb-block-6a74ccab\">\n<p class=\"has-text-align-left chair\"><strong>Organization Committee<\/strong><br\/>Prof. Dr. Nesimi <strong>AKTA\u015e<\/strong>, Nevsehir Hac\u0131 Bekta\u015f Veli University<br\/>Prof. Dr. Ramazan <strong>ALTUNDAS<\/strong>, Gebze Technical University<br\/>Prof. Dr. Fatih <strong>DEM\u0130RC\u0130<\/strong>, Anadolu University<br\/>Prof. Dr. Ay\u015fe Asl\u0131 Barla <strong>DEM\u0130RKOZ<\/strong>, \u0130stanbul Okan University &amp; Aromsa<br\/>Prof. Dr. Tuncay <strong>D\u0130RMENC\u0130<\/strong>, Bal\u0131kesir University<br\/>Prof. Dr. Esra \u00c7APANO\u011eLU <strong>G\u00dcVEN<\/strong>, \u0130stanbul Technical University<br\/>Prof. Dr. Murat <strong>KARTAL<\/strong>, Bezmi\u00e2lem Vak\u0131f University<br\/>Prof. Dr. O\u011fuz <strong>\u00d6ZT\u00dcRK<\/strong>, \u0130stanbul University<br\/>Prof. Dr. Mehmet <strong>\u00d6ZT\u00dcRK<\/strong>, Mu\u011fla S\u0131tk\u0131 Ko\u00e7man University<br\/>Prof. Dr. \u015eaziye Sezin <strong>Y\u00dcCEL\u0130K<\/strong>, Atat\u00fcrk University<br\/>Assoc. Dr. \u0130sra <strong>TOPTANCI<\/strong>, \u0130stanbul G\u0131da Kontrol Laboratuvar\u0131 <br\/>Lecturer \u00dcyesi Zeynep <strong>ELMALI<\/strong>, Medipol University<br\/>Dr. Fatma Nevin <strong>BA\u015eARAN<\/strong>, Besler Food<br\/>Dr. Hakan <strong>BA\u015eDO\u011eAN<\/strong>, Eri\u015fler Food<br\/>Dr. Emel <strong>DAMARLI<\/strong>, Balparmak<br\/>Dr. Asl\u0131 Elif <strong>TANU\u011eUR SAMANCI<\/strong>, SBS Bilimsel Bio \u00c7\u00f6z. San. ve Tic. A\u015f.<\/p>\n<\/section>\n\n\n\n<section class=\"wp-block-uagb-container uagb-block-a0b12328\">\n<p class=\"has-text-align-left chair\"><br\/>Dr. O. Mutlu <strong>TOPAL<\/strong>, Emre Ecza<br\/>Dr. Hasan H\u00fcseyin <strong>\u00dcNAL<\/strong>, Pendik Veterinary Control and Research Institute<br\/>Diet. Derya <strong>DEREG\u00d6Z\u00dc<\/strong>, Central Hospital<br\/>Sadettin <strong>AKCA<\/strong>, Nativital<br\/>Erhan <strong>ATICI<\/strong>, Hersa Kimya A.\u015e.<br\/>\u00d6mer <strong>ELMALI<\/strong>, Sultanbeyli Belediyesi<br\/>Selim <strong>KAPLAN<\/strong>, General Directorate of Food and Control, Head of Food Enterprises and Codex Department<br\/>Sefa <strong>KARTA<\/strong>, Cosmelya Biyoteknoloji A.\u015e.<br\/>Serdar <strong>MARA\u015eLI<\/strong>, Eti Food<br\/>\u015eaban <strong>\u00d6ZDEM\u0130R<\/strong>, \u00dcsk\u00fcdar University, Journalist-Media PR Manager<br\/>Mete <strong>PAKALIN<\/strong>, SSN Sport<br\/>Ali \u0130hsan <strong>SE\u00c7K\u0130N<\/strong>, Chromax Solutions<br\/>Ferat <strong>\u015eAH\u0130N<\/strong>, T\u00fcrkiye \u0130la\u00e7 ve T\u0131bbi Cihaz Kurumu<br\/>\u0130brahim <strong>\u015eAH\u0130N<\/strong>, Naturalya<br\/>Tu\u011fba <strong>\u015e\u0130M\u015eEK<\/strong>, Dimes A.\u015e.<br\/>Onur <strong>TOPBA\u015eTEK\u0130N<\/strong>, Mirfarma<br\/>Ebru <strong>MANAV AKYAR<\/strong>, TERRA Analiz ve \u00d6l\u00e7\u00fcm Cihazlar\u0131 Tic. A.\u015e.<\/p>\n\n\n\n<p class=\"has-text-align-left chair\"><br\/><\/p>\n<\/section>\n<\/div><\/div>\n\n<div class=\"wp-block-uagb-container uagb-block-a888fa9b alignfull uagb-is-root-container\"><div class=\"uagb-container-inner-blocks-wrap\">\n<section class=\"wp-block-uagb-container uagb-block-9e67508c\">\n<p class=\"has-text-align-left chair\"><strong>Bilim Kurulu<br\/><\/strong>Prof. Dr. Hatice <strong>\u015eANLIDERE ALO\u011eLU<\/strong><br\/>Prof. Dr. Murat <strong>TASAN<\/strong><br\/>Prof. Dr. Neriman <strong>BA\u011eDATLIO\u011eLU<\/strong><br\/>Prof. Dr. Ay\u015fe Asl\u0131 <strong>BARLA DEM\u0130RKOZ<\/strong><br\/>Prof. Dr. Harun <strong>DIRAMAN<\/strong><br\/>Prof. Dr. Mehmet Emin <strong>DURU<\/strong><br\/>Prof. Dr. Fahrettin <strong>G\u00d6\u011e\u00dc\u015e<\/strong><br\/>Prof. Dr. Reyhan <strong>\u0130RK\u0130N<\/strong><br\/>Prof. Dr. Hasan H\u00fcseyin <strong>KARA<\/strong><br\/>Prof. Dr. Murat <strong>KARTAL<\/strong><br\/>Prof. Dr. M\u00fckerrem <strong>KAYA<\/strong><br\/>Prof. Dr. T\u00fcrkan Ke\u00e7eli <strong>MUTLU<\/strong><br\/>Prof. Dr. Mustafa <strong>KIRALAN<\/strong><br\/>Prof. Dr. Osman <strong>KOLA<\/strong><br\/>Prof. Dr. Erdo\u011fan <strong>K\u00dc\u00c7\u00dcK\u00d6NER<\/strong><br\/>Prof. Dr. Behi\u00e7 <strong>MERT<\/strong><br\/>Prof. Dr. Semih <strong>\u00d6TLE\u015e<\/strong><br\/>Prof. Dr. \u0130brahim <strong>PALABIYIK<\/strong><br\/><\/p>\n<\/section>\n\n\n\n<section class=\"wp-block-uagb-container uagb-block-b14270e7\">\n<p class=\"has-text-align-left chair\"><br\/>Prof. Dr. Osman <strong>SA\u011eDI\u00c7<\/strong><br\/>Prof. Dr. Aziz <strong>TEK\u0130N<\/strong><br\/>Prof. Dr. Gulacti <strong>TOPCU<\/strong><br\/>Prof. Dr. Selman <strong>T\u00dcRKER<\/strong><br\/>Prof. Dr. Hasan <strong>YAL\u00c7IN<\/strong><br\/>Prof. Dr. Hasan <strong>YET\u0130M<\/strong><br\/>Prof. Dr. Emin <strong>YILMAZ<\/strong><br\/>Assoc. Dr. Hakan <strong>ER\u0130N\u00c7<\/strong><br\/>Assoc. Dr. Nihat <strong>\u00d6ZCAN<\/strong><br\/>Prof. Dr. \u00d6mer Said <strong>TOKER<\/strong><br\/>Assoc. Dr. Asl\u0131 <strong>YORULMAZ<\/strong><br\/>Lecturer \u00dcyesi Ebru <strong>\u00d6ZDEM\u0130R NATH<\/strong><br\/>Lecturer \u00dcyesi Halime <strong>PEHL\u0130VANO\u011eLU<\/strong><br\/>Prof. Dr. Ahror <strong>ABDURAKHIMOV<\/strong><br\/>Prof. Dr. Rano <strong>AKRAMOVA<\/strong><br\/>Prof. Dr. Gulnoza <strong>DJAHANGIROVA<\/strong><br\/>Prof. Dr. Akbarali <strong>RUZ\u0130BAYEV<\/strong><br\/>Dr. Angelique <strong>BOTHA<\/strong><br\/>Prof. Dr. Erhan <strong>SULEJMANI<\/strong><\/p>\n<\/section>\n<\/div><\/div>\n","protected":false},"excerpt":{"rendered":"<p>ChairProf. Dr. Muhammet ARICI Vice ChairProf. Dr. Enes DERTL\u0130 Vice ChairLecturer Salih TUNCAY Vice ChairProf. Dr. Mehmet Emin DURU Congress Coordinator\u0130kram CENG\u0130Z Scientific CommitteeAssoc. Prof. G\u00fclsen TEL \u00c7AYAN, Scientific Coordinator Assoc. Dr. Aykut KUL, Vice Scientific Coordinator Pharmacist Fatma KARD\u0130YEN, Vice Scientific CoordinatorDr. Fatih \u00c7AYAN, Vice Scientific Coordinator Congress SecretariesLecturer Fatih BOZKURT, Congress Secretary Dr. [&hellip;]<\/p>\n","protected":false},"author":1,"featured_media":0,"parent":0,"menu_order":0,"comment_status":"closed","ping_status":"closed","template":"","meta":{"_uag_custom_page_level_css":"","site-sidebar-layout":"default","site-content-layout":"","ast-site-content-layout":"default","site-content-style":"default","site-sidebar-style":"default","ast-global-header-display":"","ast-banner-title-visibility":"","ast-main-header-display":"","ast-hfb-above-header-display":"","ast-hfb-below-header-display":"","ast-hfb-mobile-header-display":"","site-post-title":"","ast-breadcrumbs-content":"","ast-featured-img":"","footer-sml-layout":"","ast-disable-related-posts":"","theme-transparent-header-meta":"","adv-header-id-meta":"","stick-header-meta":"","header-above-stick-meta":"","header-main-stick-meta":"","header-below-stick-meta":"","astra-migrate-meta-layouts":"default","ast-page-background-enabled":"default","ast-page-background-meta":{"desktop":{"background-color":"var(--ast-global-color-4)","background-image":"","background-repeat":"repeat","background-position":"center center","background-size":"auto","background-attachment":"scroll","background-type":"","background-media":"","overlay-type":"","overlay-color":"","overlay-opacity":"","overlay-gradient":""},"tablet":{"background-color":"","background-image":"","background-repeat":"repeat","background-position":"center center","background-size":"auto","background-attachment":"scroll","background-type":"","background-media":"","overlay-type":"","overlay-color":"","overlay-opacity":"","overlay-gradient":""},"mobile":{"background-color":"","background-image":"","background-repeat":"repeat","background-position":"center center","background-size":"auto","background-attachment":"scroll","background-type":"","background-media":"","overlay-type":"","overlay-color":"","overlay-opacity":"","overlay-gradient":""}},"ast-content-background-meta":{"desktop":{"background-color":"var(--ast-global-color-5)","background-image":"","background-repeat":"repeat","background-position":"center center","background-size":"auto","background-attachment":"scroll","background-type":"","background-media":"","overlay-type":"","overlay-color":"","overlay-opacity":"","overlay-gradient":""},"tablet":{"background-color":"var(--ast-global-color-5)","background-image":"","background-repeat":"repeat","background-position":"center center","background-size":"auto","background-attachment":"scroll","background-type":"","background-media":"","overlay-type":"","overlay-color":"","overlay-opacity":"","overlay-gradient":""},"mobile":{"background-color":"var(--ast-global-color-5)","background-image":"","background-repeat":"repeat","background-position":"center center","background-size":"auto","background-attachment":"scroll","background-type":"","background-media":"","overlay-type":"","overlay-color":"","overlay-opacity":"","overlay-gradient":""}},"_themeisle_gutenberg_block_has_review":false,"footnotes":""},"class_list":["post-868","page","type-page","status-publish","hentry"],"uagb_featured_image_src":{"full":false,"thumbnail":false,"medium":false,"medium_large":false,"large":false,"1536x1536":false,"2048x2048":false},"uagb_author_info":{"display_name":"G\u0131da Kongresi","author_link":"https:\/\/gidakimyasikongresi.org\/en\/author\/gidakong\/"},"uagb_comment_info":0,"uagb_excerpt":"ChairProf. Dr. Muhammet ARICI Vice ChairProf. Dr. Enes DERTL\u0130 Vice ChairLecturer Salih TUNCAY Vice ChairProf. Dr. Mehmet Emin DURU Congress Coordinator\u0130kram CENG\u0130Z Scientific CommitteeAssoc. Prof. G\u00fclsen TEL \u00c7AYAN, Scientific Coordinator Assoc. Dr. Aykut KUL, Vice Scientific Coordinator Pharmacist Fatma KARD\u0130YEN, Vice Scientific CoordinatorDr. Fatih \u00c7AYAN, Vice Scientific Coordinator Congress SecretariesLecturer Fatih BOZKURT, Congress Secretary Dr.&hellip;","_links":{"self":[{"href":"https:\/\/gidakimyasikongresi.org\/en\/wp-json\/wp\/v2\/pages\/868","targetHints":{"allow":["GET"]}}],"collection":[{"href":"https:\/\/gidakimyasikongresi.org\/en\/wp-json\/wp\/v2\/pages"}],"about":[{"href":"https:\/\/gidakimyasikongresi.org\/en\/wp-json\/wp\/v2\/types\/page"}],"author":[{"embeddable":true,"href":"https:\/\/gidakimyasikongresi.org\/en\/wp-json\/wp\/v2\/users\/1"}],"replies":[{"embeddable":true,"href":"https:\/\/gidakimyasikongresi.org\/en\/wp-json\/wp\/v2\/comments?post=868"}],"version-history":[{"count":26,"href":"https:\/\/gidakimyasikongresi.org\/en\/wp-json\/wp\/v2\/pages\/868\/revisions"}],"predecessor-version":[{"id":4881,"href":"https:\/\/gidakimyasikongresi.org\/en\/wp-json\/wp\/v2\/pages\/868\/revisions\/4881"}],"wp:attachment":[{"href":"https:\/\/gidakimyasikongresi.org\/en\/wp-json\/wp\/v2\/media?parent=868"}],"curies":[{"name":"wp","href":"https:\/\/api.w.org\/{rel}","templated":true}]}}